{"id":13495,"date":"2021-03-13T13:19:19","date_gmt":"2021-03-13T18:19:19","guid":{"rendered":"https:\/\/colecolba.edu.co\/web\/?page_id=13495"},"modified":"2021-03-29T15:00:27","modified_gmt":"2021-03-29T20:00:27","slug":"pae","status":"publish","type":"page","link":"https:\/\/colecolba.edu.co\/web\/pae\/","title":{"rendered":"PAE"},"content":{"rendered":"<h1 style=\"text-align: center;\"><span style=\"color: #ff0000;\"><strong>LISTADO POR SEDES PAE 2021<\/strong><\/span><\/h1>\n<p style=\"text-align: center;\">Para verificar listados de alumnos beneficiados deben escoger la sede y revisar por orden de lista.<\/p>\n<p style=\"text-align: center;\">si el estudiante NO APARECE en el listados NO FUE BENEFICIADO por el programa PAE<\/p>\n<h1 style=\"text-align: center;\"><span style=\"color: #800000;\">SEDES<\/span><\/h1>\n<h2 style=\"text-align: center;\"><a href=\"https:\/\/colecolba.edu.co\/web\/eustorgio-colmenares-baptista\/\"><span style=\"color: #ff0000;\">EUSTORGIO COLMENARES BAPTISTA<img loading=\"lazy\" decoding=\"async\" class=\"alignnone wp-image-13493\" src=\"https:\/\/colecolba.edu.co\/web\/wp-content\/uploads\/2021\/03\/CLICK-AQUI.png\" alt=\"\" width=\"51\" height=\"37\" \/><\/span><\/a><\/h2>\n<h2 style=\"text-align: center;\"><a href=\"https:\/\/colecolba.edu.co\/web\/panamericana\/\"><span style=\"color: #0000ff;\">PANAMERICANA<img loading=\"lazy\" decoding=\"async\" class=\"alignnone wp-image-13493\" src=\"https:\/\/colecolba.edu.co\/web\/wp-content\/uploads\/2021\/03\/CLICK-AQUI.png\" alt=\"\" width=\"47\" height=\"34\" \/><\/span><\/a><\/h2>\n<h2 style=\"text-align: center;\"><a href=\"https:\/\/colecolba.edu.co\/web\/gilma-casado-de-vila\/\"><span style=\"color: #800080;\">GILMA CASADO DE VILA<img loading=\"lazy\" decoding=\"async\" class=\"alignnone wp-image-13493\" src=\"https:\/\/colecolba.edu.co\/web\/wp-content\/uploads\/2021\/03\/CLICK-AQUI.png\" alt=\"\" width=\"53\" height=\"38\" \/><\/span><\/a><\/h2>\n<h2 style=\"text-align: center;\"><a href=\"https:\/\/colecolba.edu.co\/web\/san-gerardo\/\"><span style=\"color: #ff6600;\">SAN GERARDO<img loading=\"lazy\" decoding=\"async\" class=\"alignnone wp-image-13493\" src=\"https:\/\/colecolba.edu.co\/web\/wp-content\/uploads\/2021\/03\/CLICK-AQUI.png\" alt=\"\" width=\"51\" height=\"37\" \/><\/span><\/a><\/h2>\n<h2 style=\"text-align: center;\"><a href=\"https:\/\/colecolba.edu.co\/web\/el-cerrito\/\"><span style=\"color: #ff00ff;\">EL CERRITO<img loading=\"lazy\" decoding=\"async\" class=\"alignnone wp-image-13493\" src=\"https:\/\/colecolba.edu.co\/web\/wp-content\/uploads\/2021\/03\/CLICK-AQUI.png\" alt=\"\" width=\"42\" height=\"30\" \/><\/span><\/a><\/h2>\n<h2 style=\"text-align: center;\"><a href=\"https:\/\/colecolba.edu.co\/web\/cumbres-del-norte\/\"><span style=\"color: #333333;\">CUMBRES DEL NORTE<img loading=\"lazy\" decoding=\"async\" class=\"alignnone wp-image-13493\" src=\"https:\/\/colecolba.edu.co\/web\/wp-content\/uploads\/2021\/03\/CLICK-AQUI.png\" alt=\"\" width=\"49\" height=\"35\" \/><\/span><\/a><\/h2>\n<p>&nbsp;<\/p>\n<h3 class=\"Default\" style=\"text-align: center;\"><em><span style=\"color: #800080;\"><b>RECOMENDACIONES GENERALES PARA LOS PADRES DE FAMILIA<\/b><\/span><\/em><\/h3>\n<p class=\"Default\">1. Solo debe asistir un adulto por estudiante. La entrega de alimentaci\u00f3n NO es posible hacerla a personas menores de 18 a\u00f1os.<\/p>\n<p class=\"Default\">2. Llevar el documento de identidad del menor (bien sea tarjeta de identidad, registro civil ).<\/p>\n<p class=\"Default\">3. Llevar el documento de identidad del padre de familia o acudiente.<\/p>\n<p class=\"Default\">4. Asistir a la Instituci\u00f3n Educativa en el horario establecido, ya que la entrega solo se realizar\u00e1 en el d\u00eda y hora informado.<\/p>\n<p class=\"Default\">5. Asistir con tapabocas, guantes y cabello recogido.<\/p>\n<p class=\"Default\">6. Una vez reciba el complemento alimentario dir\u00edjase de inmediato a su vivienda.<\/p>\n<p class=\"Default\">7. Una vez le entreguen la alimentaci\u00f3n, se le informar\u00e1 a cu\u00e1ntos d\u00edas corresponde el complemento alimentario.<\/p>\n<p class=\"Default\">8. Tomar medidas para el manejo y conservaci\u00f3n de alimentos.<\/p>\n<p class=\"Default\">9. Garantizar la alimentaci\u00f3n escolar a los estudiantes beneficiarios.<\/p>\n<p>10. traer DOCUMENTO DE IDENTIFICACI\u00d3N\u00a0 para la entrega de los KIT ALIMENTARIOS.<\/p>\n<p>11. En caso que el ACUDIENTE no pueda asistir deber\u00e1 AUTORIZAR\u00a0 a otra persona diligenciando el FORMATO DE AUTORIZACI\u00d3N A TERCEROS para que se les pueda hacer entrega del PAE.<\/p>\n<p><img loading=\"lazy\" decoding=\"async\" class=\"size-medium wp-image-13438 alignleft\" src=\"https:\/\/colecolba.edu.co\/web\/wp-content\/uploads\/2020\/04\/WhatsApp-Image-2021-02-23-at-9.01.10-AM-300x169.jpeg\" alt=\"\" width=\"300\" height=\"169\" srcset=\"https:\/\/colecolba.edu.co\/web\/wp-content\/uploads\/2020\/04\/WhatsApp-Image-2021-02-23-at-9.01.10-AM-300x169.jpeg 300w, https:\/\/colecolba.edu.co\/web\/wp-content\/uploads\/2020\/04\/WhatsApp-Image-2021-02-23-at-9.01.10-AM-1024x576.jpeg 1024w, https:\/\/colecolba.edu.co\/web\/wp-content\/uploads\/2020\/04\/WhatsApp-Image-2021-02-23-at-9.01.10-AM-768x432.jpeg 768w, https:\/\/colecolba.edu.co\/web\/wp-content\/uploads\/2020\/04\/WhatsApp-Image-2021-02-23-at-9.01.10-AM.jpeg 1280w\" sizes=\"auto, (max-width: 300px) 100vw, 300px\" \/>\u00a0 \u00a0 <img loading=\"lazy\" decoding=\"async\" class=\"size-medium wp-image-13437 aligncenter\" src=\"https:\/\/colecolba.edu.co\/web\/wp-content\/uploads\/2020\/04\/WhatsApp-Image-2021-02-23-at-9.01.10-AM-1-300x169.jpeg\" alt=\"\" width=\"300\" height=\"169\" srcset=\"https:\/\/colecolba.edu.co\/web\/wp-content\/uploads\/2020\/04\/WhatsApp-Image-2021-02-23-at-9.01.10-AM-1-300x169.jpeg 300w, https:\/\/colecolba.edu.co\/web\/wp-content\/uploads\/2020\/04\/WhatsApp-Image-2021-02-23-at-9.01.10-AM-1-1024x576.jpeg 1024w, https:\/\/colecolba.edu.co\/web\/wp-content\/uploads\/2020\/04\/WhatsApp-Image-2021-02-23-at-9.01.10-AM-1-768x432.jpeg 768w, https:\/\/colecolba.edu.co\/web\/wp-content\/uploads\/2020\/04\/WhatsApp-Image-2021-02-23-at-9.01.10-AM-1.jpeg 1280w\" sizes=\"auto, (max-width: 300px) 100vw, 300px\" \/><\/p>\n<p><img loading=\"lazy\" decoding=\"async\" class=\"size-medium wp-image-13436 aligncenter\" src=\"https:\/\/colecolba.edu.co\/web\/wp-content\/uploads\/2020\/04\/WhatsApp-Image-2021-02-23-at-9.01.09-AM-300x169.jpeg\" alt=\"\" width=\"300\" height=\"169\" srcset=\"https:\/\/colecolba.edu.co\/web\/wp-content\/uploads\/2020\/04\/WhatsApp-Image-2021-02-23-at-9.01.09-AM-300x169.jpeg 300w, https:\/\/colecolba.edu.co\/web\/wp-content\/uploads\/2020\/04\/WhatsApp-Image-2021-02-23-at-9.01.09-AM-1024x576.jpeg 1024w, https:\/\/colecolba.edu.co\/web\/wp-content\/uploads\/2020\/04\/WhatsApp-Image-2021-02-23-at-9.01.09-AM-768x432.jpeg 768w, https:\/\/colecolba.edu.co\/web\/wp-content\/uploads\/2020\/04\/WhatsApp-Image-2021-02-23-at-9.01.09-AM.jpeg 1280w\" sizes=\"auto, (max-width: 300px) 100vw, 300px\" \/><\/p>\n","protected":false},"excerpt":{"rendered":"<p>LISTADO POR SEDES PAE 2021 Para verificar listados de alumnos beneficiados deben escoger la sede y revisar por orden de lista. si el estudiante NO APARECE en el listados NO FUE BENEFICIADO por el programa PAE SEDES EUSTORGIO COLMENARES BAPTISTA &hellip; <\/p>\n","protected":false},"author":9,"featured_media":13467,"parent":0,"menu_order":0,"comment_status":"closed","ping_status":"closed","template":"","meta":{"footnotes":""},"class_list":["post-13495","page","type-page","status-publish","has-post-thumbnail","hentry"],"_links":{"self":[{"href":"https:\/\/colecolba.edu.co\/web\/wp-json\/wp\/v2\/pages\/13495","targetHints":{"allow":["GET"]}}],"collection":[{"href":"https:\/\/colecolba.edu.co\/web\/wp-json\/wp\/v2\/pages"}],"about":[{"href":"https:\/\/colecolba.edu.co\/web\/wp-json\/wp\/v2\/types\/page"}],"author":[{"embeddable":true,"href":"https:\/\/colecolba.edu.co\/web\/wp-json\/wp\/v2\/users\/9"}],"replies":[{"embeddable":true,"href":"https:\/\/colecolba.edu.co\/web\/wp-json\/wp\/v2\/comments?post=13495"}],"version-history":[{"count":8,"href":"https:\/\/colecolba.edu.co\/web\/wp-json\/wp\/v2\/pages\/13495\/revisions"}],"predecessor-version":[{"id":13537,"href":"https:\/\/colecolba.edu.co\/web\/wp-json\/wp\/v2\/pages\/13495\/revisions\/13537"}],"wp:featuredmedia":[{"embeddable":true,"href":"https:\/\/colecolba.edu.co\/web\/wp-json\/wp\/v2\/media\/13467"}],"wp:attachment":[{"href":"https:\/\/colecolba.edu.co\/web\/wp-json\/wp\/v2\/media?parent=13495"}],"curies":[{"name":"wp","href":"https:\/\/api.w.org\/{rel}","templated":true}]}}